{"id":1174,"date":"2021-12-28T08:33:25","date_gmt":"2021-12-28T08:33:25","guid":{"rendered":"https:\/\/sondex.be\/les-apparails\/"},"modified":"2021-12-28T12:28:54","modified_gmt":"2021-12-28T12:28:54","slug":"les-apparails","status":"publish","type":"page","link":"https:\/\/sondex.be\/fr\/les-apparails\/","title":{"rendered":"Les apparails"},"content":{"rendered":"\t\t<div data-elementor-type=\"wp-page\" data-elementor-id=\"1174\" class=\"elementor elementor-1174 elementor-206\" data-elementor-post-type=\"page\">\n\t\t\t\t\t\t<section class=\"elementor-section elementor-top-section elementor-element elementor-element-11803a9 elementor-section-full_width elementor-section-stretched elementor-section-height-default elementor-section-height-default\" data-id=\"11803a9\" data-element_type=\"section\" data-e-type=\"section\" data-settings=\"{&quot;stretch_section&quot;:&quot;section-stretched&quot;,&quot;background_background&quot;:&quot;classic&quot;}\">\n\t\t\t\t\t\t<div class=\"elementor-container elementor-column-gap-no\">\n\t\t\t\t\t<div class=\"aux-parallax-section elementor-column elementor-col-100 elementor-top-column elementor-element elementor-element-8498fac\" data-id=\"8498fac\" data-element_type=\"column\" data-e-type=\"column\">\n\t\t\t<div class=\"elementor-widget-wrap elementor-element-populated\">\n\t\t\t\t\t\t<div class=\"elementor-element elementor-element-6986cbe elementor--h-position-center elementor--v-position-middle elementor-arrows-position-inside elementor-pagination-position-inside elementor-widget elementor-widget-slides\" data-id=\"6986cbe\" data-element_type=\"widget\" data-e-type=\"widget\" data-settings=\"{&quot;navigation&quot;:&quot;both&quot;,&quot;autoplay&quot;:&quot;yes&quot;,&quot;pause_on_hover&quot;:&quot;yes&quot;,&quot;pause_on_interaction&quot;:&quot;yes&quot;,&quot;autoplay_speed&quot;:5000,&quot;infinite&quot;:&quot;yes&quot;,&quot;transition&quot;:&quot;slide&quot;,&quot;transition_speed&quot;:500}\" data-widget_type=\"slides.default\">\n\t\t\t\t<div class=\"elementor-widget-container\">\n\t\t\t\t\t\t\t\t\t<div class=\"elementor-swiper\">\n\t\t\t\t\t<div class=\"elementor-slides-wrapper elementor-main-swiper swiper\" role=\"region\" aria-roledescription=\"carousel\" aria-label=\"Diapositives\" dir=\"ltr\" data-animation=\"fadeInUp\">\n\t\t\t\t<div class=\"swiper-wrapper elementor-slides\">\n\t\t\t\t\t\t\t\t\t\t<div class=\"elementor-repeater-item-d0dd488 swiper-slide\" role=\"group\" aria-roledescription=\"slide\"><div class=\"swiper-slide-bg\" role=\"img\"><\/div><div class=\"swiper-slide-inner\" ><div class=\"swiper-slide-contents\"><\/div><\/div><\/div>\t\t\t\t<\/div>\n\t\t\t\t\t\t\t<\/div>\n\t\t\t\t<\/div>\n\t\t\t\t\t\t\t\t<\/div>\n\t\t\t\t<\/div>\n\t\t\t\t\t<\/div>\n\t\t<\/div>\n\t\t\t\t\t<\/div>\n\t\t<\/section>\n\t\t\t\t<section class=\"elementor-section elementor-top-section elementor-element elementor-element-b693dce elementor-section-boxed elementor-section-height-default elementor-section-height-default\" data-id=\"b693dce\" data-element_type=\"section\" data-e-type=\"section\">\n\t\t\t\t\t\t<div class=\"elementor-container elementor-column-gap-default\">\n\t\t\t\t\t<div class=\"aux-parallax-section elementor-column elementor-col-100 elementor-top-column elementor-element elementor-element-db01c04\" data-id=\"db01c04\" data-element_type=\"column\" data-e-type=\"column\">\n\t\t\t<div class=\"elementor-widget-wrap elementor-element-populated\">\n\t\t\t\t\t\t<div class=\"elementor-element elementor-element-a4c2a80 elementor-widget elementor-widget-aux_modern_heading\" data-id=\"a4c2a80\" data-element_type=\"widget\" data-e-type=\"widget\" data-widget_type=\"aux_modern_heading.default\">\n\t\t\t\t<div class=\"elementor-widget-container\">\n\t\t\t\t\t<section class=\"aux-widget-modern-heading\">\n            <div class=\"aux-widget-inner\"><h2 class=\"aux-modern-heading-primary\">Les apparails de sondage<\/h2><div class=\"aux-modern-heading-divider\"><\/div><\/div>\n        <\/section>\t\t\t\t<\/div>\n\t\t\t\t<\/div>\n\t\t\t\t<div class=\"elementor-element elementor-element-0f7c30e elementor-widget elementor-widget-text-editor\" data-id=\"0f7c30e\" data-element_type=\"widget\" data-e-type=\"widget\" data-widget_type=\"text-editor.default\">\n\t\t\t\t<div class=\"elementor-widget-container\">\n\t\t\t\t\t\t\t\t\t<p>Pour la r\u00e9alisation des sondages nous disposons d\u2019un nombre d\u2019engins qui nous permettent d\u2019ex\u00e9cuter les essais sur chaque terrain.<\/p><p>Au cas o\u00f9 votre terrain est librement accessible, nous ex\u00e9cuterons les essais avec une chenillette ou un camion. Tous nos engins ont une capacit\u00e9 de 100kN ou 200kN. Ceci nous permet d\u2019examiner suffisamment profond\u00e9ment les couches compressibles et de p\u00e9n\u00e9trer au maximum d\u2019\u00e9ventuelles couches pierreuses ou rocheuses.<\/p><p>Les engins sont munis de chenilles. Ceci permet un acc\u00e8s ais\u00e9 aux terrains, m\u00eame en p\u00e9riode humide. Ainsi nous pouvons tenir \u00e0 nos d\u00e9lais de r\u00e9alisations.<\/p>\t\t\t\t\t\t\t\t<\/div>\n\t\t\t\t<\/div>\n\t\t\t\t\t<\/div>\n\t\t<\/div>\n\t\t\t\t\t<\/div>\n\t\t<\/section>\n\t\t\t\t<section class=\"elementor-section elementor-top-section elementor-element elementor-element-fddc80b elementor-section-full_width elementor-section-height-default elementor-section-height-default\" data-id=\"fddc80b\" data-element_type=\"section\" data-e-type=\"section\">\n\t\t\t\t\t\t<div class=\"elementor-container elementor-column-gap-no\">\n\t\t\t\t\t<div class=\"aux-parallax-section elementor-column elementor-col-100 elementor-top-column elementor-element elementor-element-8b4580d\" data-id=\"8b4580d\" data-element_type=\"column\" data-e-type=\"column\">\n\t\t\t<div class=\"elementor-widget-wrap elementor-element-populated\">\n\t\t\t\t\t\t<div class=\"elementor-element elementor-element-585722a elementor-pagination-position-outside elementor-widget elementor-widget-image-carousel\" data-id=\"585722a\" data-element_type=\"widget\" data-e-type=\"widget\" data-settings=\"{&quot;slides_to_show&quot;:&quot;4&quot;,&quot;navigation&quot;:&quot;dots&quot;,&quot;autoplay&quot;:&quot;yes&quot;,&quot;pause_on_hover&quot;:&quot;yes&quot;,&quot;pause_on_interaction&quot;:&quot;yes&quot;,&quot;autoplay_speed&quot;:5000,&quot;infinite&quot;:&quot;yes&quot;,&quot;speed&quot;:500}\" data-widget_type=\"image-carousel.default\">\n\t\t\t\t<div class=\"elementor-widget-container\">\n\t\t\t\t\t\t\t<div class=\"elementor-image-carousel-wrapper swiper\" role=\"region\" aria-roledescription=\"carousel\" aria-label=\"Carrousel d\u2019images\" dir=\"ltr\">\n\t\t\t<div class=\"elementor-image-carousel swiper-wrapper\" aria-live=\"off\">\n\t\t\t\t\t\t\t\t<div class=\"swiper-slide\" role=\"group\" aria-roledescription=\"slide\" aria-label=\"1 sur 6\"><figure class=\"swiper-slide-inner\"><img decoding=\"async\" class=\"swiper-slide-image\" src=\"https:\/\/sondex.be\/wp-content\/uploads\/2021\/12\/sondex-lokeren-geotechnics-grondonderzoek-apparatuur-6.jpg\" alt=\"sondex-lokeren-geotechnics-grondonderzoek-apparatuur-6\" \/><\/figure><\/div><div class=\"swiper-slide\" role=\"group\" aria-roledescription=\"slide\" aria-label=\"2 sur 6\"><figure class=\"swiper-slide-inner\"><img decoding=\"async\" class=\"swiper-slide-image\" src=\"https:\/\/sondex.be\/wp-content\/uploads\/2021\/12\/sondex-lokeren-geotechnics-grondonderzoek-apparatuur-7.jpg\" alt=\"sondex-lokeren-geotechnics-grondonderzoek-apparatuur-7\" \/><\/figure><\/div><div class=\"swiper-slide\" role=\"group\" aria-roledescription=\"slide\" aria-label=\"3 sur 6\"><figure class=\"swiper-slide-inner\"><img decoding=\"async\" class=\"swiper-slide-image\" src=\"https:\/\/sondex.be\/wp-content\/uploads\/2021\/12\/sondex-lokeren-geotechnics-grondonderzoek-apparatuur-5.jpg\" alt=\"sondex-lokeren-geotechnics-grondonderzoek-apparatuur-5\" \/><\/figure><\/div><div class=\"swiper-slide\" role=\"group\" aria-roledescription=\"slide\" aria-label=\"4 sur 6\"><figure class=\"swiper-slide-inner\"><img decoding=\"async\" class=\"swiper-slide-image\" src=\"https:\/\/sondex.be\/wp-content\/uploads\/2021\/12\/sondex-lokeren-geotechnics-grondonderzoek-apparatuur-3.jpg\" alt=\"sondex-lokeren-geotechnics-grondonderzoek-apparatuur-3\" \/><\/figure><\/div><div class=\"swiper-slide\" role=\"group\" aria-roledescription=\"slide\" aria-label=\"5 sur 6\"><figure class=\"swiper-slide-inner\"><img decoding=\"async\" class=\"swiper-slide-image\" src=\"https:\/\/sondex.be\/wp-content\/uploads\/2021\/12\/sondex-lokeren-geotechnics-grondonderzoek-apparatuur-44.jpg\" alt=\"sondex-lokeren-geotechnics-grondonderzoek-apparatuur-44\" \/><\/figure><\/div><div class=\"swiper-slide\" role=\"group\" aria-roledescription=\"slide\" aria-label=\"6 sur 6\"><figure class=\"swiper-slide-inner\"><img decoding=\"async\" class=\"swiper-slide-image\" src=\"https:\/\/sondex.be\/wp-content\/uploads\/2021\/12\/sondex-lokeren-geotechnics-grondonderzoek-apparatuur-2.jpg\" alt=\"sondex-lokeren-geotechnics-grondonderzoek-apparatuur-2\" \/><\/figure><\/div>\t\t\t<\/div>\n\t\t\t\t\t\t\t\n\t\t\t\t\t\t\t\t\t<div class=\"swiper-pagination\"><\/div>\n\t\t\t\t\t\t\t\t\t<\/div>\n\t\t\t\t\t\t<\/div>\n\t\t\t\t<\/div>\n\t\t\t\t\t<\/div>\n\t\t<\/div>\n\t\t\t\t\t<\/div>\n\t\t<\/section>\n\t\t\t\t<section class=\"elementor-section elementor-top-section elementor-element elementor-element-3e7c158 elementor-section-boxed elementor-section-height-default elementor-section-height-default\" data-id=\"3e7c158\" data-element_type=\"section\" data-e-type=\"section\">\n\t\t\t\t\t\t<div class=\"elementor-container elementor-column-gap-default\">\n\t\t\t\t\t<div class=\"aux-parallax-section elementor-column elementor-col-100 elementor-top-column elementor-element elementor-element-0ce0416\" data-id=\"0ce0416\" data-element_type=\"column\" data-e-type=\"column\">\n\t\t\t<div class=\"elementor-widget-wrap elementor-element-populated\">\n\t\t\t\t\t\t<div class=\"elementor-element elementor-element-ec863e6 elementor-widget elementor-widget-text-editor\" data-id=\"ec863e6\" data-element_type=\"widget\" data-e-type=\"widget\" data-widget_type=\"text-editor.default\">\n\t\t\t\t<div class=\"elementor-widget-container\">\n\t\t\t\t\t\t\t\t\t<p>Si votre terrain n\u2019est pas accessible pour une raison quelconque (passage \u00e9troit, derri\u00e8re des foss\u00e9s, talus ou des sondages dans des caves) nous pouvons r\u00e9aliser les essais avec notre appareil portable (100 kN maximum).<\/p><p>La pouss\u00e9e de 100 kN est obtenue \u00e0 l\u2019aide d\u2019ancrages dans le sol ou dans le rev\u00eatement, ou contre une poutre dans le plafond.<\/p><p>L\u2019appareil portable ne peut effectuer que des essais m\u00e9caniques.<\/p><p>Si vous h\u00e9sitez quant \u00e0 l\u2019accessibilit\u00e9 du terrain ou chantier, nous pouvons regarder nous-m\u00eames, sans obligation de votre part.<\/p>\t\t\t\t\t\t\t\t<\/div>\n\t\t\t\t<\/div>\n\t\t\t\t\t<\/div>\n\t\t<\/div>\n\t\t\t\t\t<\/div>\n\t\t<\/section>\n\t\t\t\t<\/div>\n\t\t","protected":false},"excerpt":{"rendered":"<p>Les apparails de sondage Pour la r\u00e9alisation des sondages nous disposons d\u2019un nombre d\u2019engins qui nous permettent d\u2019ex\u00e9cuter les essais sur chaque terrain. Au cas o\u00f9 votre terrain est librement accessible, nous ex\u00e9cuterons les essais avec une chenillette ou un camion. Tous nos engins ont une capacit\u00e9 de 100kN ou 200kN. Ceci nous permet d\u2019examiner [&hellip;]<\/p>\n","protected":false},"author":1,"featured_media":0,"parent":0,"menu_order":0,"comment_status":"closed","ping_status":"closed","template":"","meta":{"footnotes":""},"class_list":["post-1174","page","type-page","status-publish","hentry"],"_links":{"self":[{"href":"https:\/\/sondex.be\/fr\/wp-json\/wp\/v2\/pages\/1174","targetHints":{"allow":["GET"]}}],"collection":[{"href":"https:\/\/sondex.be\/fr\/wp-json\/wp\/v2\/pages"}],"about":[{"href":"https:\/\/sondex.be\/fr\/wp-json\/wp\/v2\/types\/page"}],"author":[{"embeddable":true,"href":"https:\/\/sondex.be\/fr\/wp-json\/wp\/v2\/users\/1"}],"replies":[{"embeddable":true,"href":"https:\/\/sondex.be\/fr\/wp-json\/wp\/v2\/comments?post=1174"}],"version-history":[{"count":7,"href":"https:\/\/sondex.be\/fr\/wp-json\/wp\/v2\/pages\/1174\/revisions"}],"predecessor-version":[{"id":1230,"href":"https:\/\/sondex.be\/fr\/wp-json\/wp\/v2\/pages\/1174\/revisions\/1230"}],"wp:attachment":[{"href":"https:\/\/sondex.be\/fr\/wp-json\/wp\/v2\/media?parent=1174"}],"curies":[{"name":"wp","href":"https:\/\/api.w.org\/{rel}","templated":true}]}}