{"id":1168,"date":"2021-12-28T08:13:23","date_gmt":"2021-12-28T08:13:23","guid":{"rendered":"https:\/\/sondex.be\/sondage\/"},"modified":"2022-01-12T18:52:06","modified_gmt":"2022-01-12T18:52:06","slug":"sondage","status":"publish","type":"page","link":"https:\/\/sondex.be\/fr\/sondage\/","title":{"rendered":"Sondage"},"content":{"rendered":"\t\t<div data-elementor-type=\"wp-page\" data-elementor-id=\"1168\" class=\"elementor elementor-1168 elementor-198\" data-elementor-post-type=\"page\">\n\t\t\t\t\t\t<section class=\"elementor-section elementor-top-section elementor-element elementor-element-ecaf808 elementor-section-full_width elementor-section-stretched elementor-section-height-default elementor-section-height-default\" data-id=\"ecaf808\" data-element_type=\"section\" data-e-type=\"section\" data-settings=\"{&quot;stretch_section&quot;:&quot;section-stretched&quot;}\">\n\t\t\t\t\t\t<div class=\"elementor-container elementor-column-gap-no\">\n\t\t\t\t\t<div class=\"aux-parallax-section elementor-column elementor-col-100 elementor-top-column elementor-element elementor-element-3edc7e9\" data-id=\"3edc7e9\" data-element_type=\"column\" data-e-type=\"column\">\n\t\t\t<div class=\"elementor-widget-wrap elementor-element-populated\">\n\t\t\t\t\t\t<div class=\"elementor-element elementor-element-c4ce966 elementor--h-position-center elementor--v-position-middle elementor-arrows-position-inside elementor-pagination-position-inside elementor-widget elementor-widget-slides\" data-id=\"c4ce966\" data-element_type=\"widget\" data-e-type=\"widget\" data-settings=\"{&quot;navigation&quot;:&quot;both&quot;,&quot;autoplay&quot;:&quot;yes&quot;,&quot;pause_on_hover&quot;:&quot;yes&quot;,&quot;pause_on_interaction&quot;:&quot;yes&quot;,&quot;autoplay_speed&quot;:5000,&quot;infinite&quot;:&quot;yes&quot;,&quot;transition&quot;:&quot;slide&quot;,&quot;transition_speed&quot;:500}\" data-widget_type=\"slides.default\">\n\t\t\t\t<div class=\"elementor-widget-container\">\n\t\t\t\t\t\t\t\t\t<div class=\"elementor-swiper\">\n\t\t\t\t\t<div class=\"elementor-slides-wrapper elementor-main-swiper swiper\" role=\"region\" aria-roledescription=\"carousel\" aria-label=\"Diapositives\" dir=\"ltr\" data-animation=\"fadeInUp\">\n\t\t\t\t<div class=\"swiper-wrapper elementor-slides\">\n\t\t\t\t\t\t\t\t\t\t<div class=\"elementor-repeater-item-fb355b9 swiper-slide\" role=\"group\" aria-roledescription=\"slide\"><div class=\"swiper-slide-bg\" role=\"img\"><\/div><div class=\"swiper-slide-inner\" ><div class=\"swiper-slide-contents\"><\/div><\/div><\/div>\t\t\t\t<\/div>\n\t\t\t\t\t\t\t<\/div>\n\t\t\t\t<\/div>\n\t\t\t\t\t\t\t\t<\/div>\n\t\t\t\t<\/div>\n\t\t\t\t\t<\/div>\n\t\t<\/div>\n\t\t\t\t\t<\/div>\n\t\t<\/section>\n\t\t\t\t<section class=\"elementor-section elementor-top-section elementor-element elementor-element-7a3eda7 elementor-section-content-middle elementor-section-stretched elementor-section-boxed elementor-section-height-default elementor-section-height-default\" data-id=\"7a3eda7\" data-element_type=\"section\" data-e-type=\"section\" data-settings=\"{&quot;stretch_section&quot;:&quot;section-stretched&quot;}\">\n\t\t\t\t\t\t<div class=\"elementor-container elementor-column-gap-no\">\n\t\t\t\t\t<div class=\"aux-parallax-section elementor-column elementor-col-50 elementor-top-column elementor-element elementor-element-a5a2d39\" data-id=\"a5a2d39\" data-element_type=\"column\" data-e-type=\"column\">\n\t\t\t<div class=\"elementor-widget-wrap elementor-element-populated\">\n\t\t\t\t\t\t<div class=\"elementor-element elementor-element-c3a79ab aux-appear-watch-animation aux-fade-in-up elementor-widget elementor-widget-aux_modern_heading\" data-id=\"c3a79ab\" data-element_type=\"widget\" data-e-type=\"widget\" data-widget_type=\"aux_modern_heading.default\">\n\t\t\t\t<div class=\"elementor-widget-container\">\n\t\t\t\t\t<section class=\"aux-widget-modern-heading\">\n            <div class=\"aux-widget-inner\"><h2 class=\"aux-modern-heading-primary\"><\/h2><h3 class=\"aux-modern-heading-secondary\"><span class=\"aux-head-before\">Qu'est-ce qu'un sondage?<\/span><\/h3><div class=\"aux-modern-heading-divider\"><\/div><div class=\"aux-modern-heading-description\"><p>Un tube ferm\u00e9 en bas par un c\u00f4ne, d\u2019un diam\u00e8tre de 10 cm\u00b2 et d\u2019un angle de sommet de 60\u00b0, est enfonc\u00e9 verticalement dans le sol \u00e0 une vitesse constante de 2 cm\/sec. La force n\u00e9cessaire (la r\u00e9sistance \u00e0 la pointe et le frottement) est enregistr\u00e9e et pr\u00e9sent\u00e9e sous forme graphique.<\/p>\n<\/div><\/div>\n        <\/section>\t\t\t\t<\/div>\n\t\t\t\t<\/div>\n\t\t\t\t<div class=\"elementor-element elementor-element-15ff6fd aux-appear-watch-animation aux-mask-from-right elementor-widget elementor-widget-text-editor\" data-id=\"15ff6fd\" data-element_type=\"widget\" data-e-type=\"widget\" data-widget_type=\"text-editor.default\">\n\t\t\t\t<div class=\"elementor-widget-container\">\n\t\t\t\t\t\t\t\t\t<p>Il existe diff\u00e9rents types de sondages d\u00e9pendants du type de c\u00f4ne :<\/p>\n<ul>\n<li>C\u00f4ne m\u00e9canique avec ou sans r\u00e9ducteur de frottement (CPT)<\/li>\n<li>C\u00f4ne \u00e9lectrique (CPTE)<\/li>\n<li>C\u00f4ne \u00e9lectrique avec mesure de la pressions interstitielle d\u2019eau (CPTU)<\/li>\n<\/ul>\n\t\t\t\t\t\t\t\t<\/div>\n\t\t\t\t<\/div>\n\t\t\t\t<div class=\"elementor-element elementor-element-75e2cf8 elementor-widget elementor-widget-text-editor\" data-id=\"75e2cf8\" data-element_type=\"widget\" data-e-type=\"widget\" data-widget_type=\"text-editor.default\">\n\t\t\t\t<div class=\"elementor-widget-container\">\n\t\t\t\t\t\t\t\t\t<p>Gr\u00e2ce \u00e0 ces mesures nous pouvons d\u00e9terminer les param\u00e8tres g\u00e9otechniques et d\u00e9terminer le type de sol. Ensuite les valeurs sont utilis\u00e9es pour d\u00e9terminer le type de fondation, une \u00e9valuation de la portance et les tassements de fondations.<\/p>\n\t\t\t\t\t\t\t\t<\/div>\n\t\t\t\t<\/div>\n\t\t\t\t\t<\/div>\n\t\t<\/div>\n\t\t\t\t<div class=\"aux-parallax-section elementor-column elementor-col-50 elementor-top-column elementor-element elementor-element-1167ef7\" data-id=\"1167ef7\" data-element_type=\"column\" data-e-type=\"column\">\n\t\t\t<div class=\"elementor-widget-wrap elementor-element-populated\">\n\t\t\t\t\t\t<div class=\"elementor-element elementor-element-e9a2406 aux-appear-watch-animation aux-fade-in-right-1 elementor-widget elementor-widget-aux_image\" data-id=\"e9a2406\" data-element_type=\"widget\" data-e-type=\"widget\" data-widget_type=\"aux_image.default\">\n\t\t\t\t<div class=\"elementor-widget-container\">\n\t\t\t\t\t<section class=\"widget-container aux-widget-image aux-alignnone aux-parent-aubfaf24e9\">\n    <div class=\"aux-media-hint-frame \">\n        <div class=\"aux-media-image \" >\n        \n            \n\n            \n            <img fetchpriority=\"high\" decoding=\"async\" width=\"1920\" height=\"1080\" src=\"https:\/\/sondex.be\/wp-content\/uploads\/2022\/01\/sondex-lokeren-geotechnics-grondonderzoek-rups-100-kn-2-1.jpg\" class=\"aux-attachment aux-featured-image aux-attachment-id-1474\" alt=\"sondex-lokeren-geotechnics-grondonderzoek-rups-100-kn-2\" data-ratio=\"1.78\" data-original-w=\"1920\" \/>            \n                <\/div>\n    <\/div>\n\n<\/section><!-- widget-container -->\t\t\t\t<\/div>\n\t\t\t\t<\/div>\n\t\t\t\t<div class=\"elementor-element elementor-element-9226aba aux-appear-watch-animation aux-fade-in-right-1 elementor-widget elementor-widget-aux_image\" data-id=\"9226aba\" data-element_type=\"widget\" data-e-type=\"widget\" data-widget_type=\"aux_image.default\">\n\t\t\t\t<div class=\"elementor-widget-container\">\n\t\t\t\t\t<section class=\"widget-container aux-widget-image aux-alignnone aux-parent-aub94aa9bc\">\n    <div class=\"aux-media-hint-frame \">\n        <div class=\"aux-media-image \" >\n        \n            \n\n            \n            <img decoding=\"async\" width=\"1920\" height=\"1080\" src=\"https:\/\/sondex.be\/wp-content\/uploads\/2021\/12\/sondex-lokeren-geotechnics-grondonderzoek-rups-200-kN-2.jpg\" class=\"aux-attachment aux-featured-image aux-attachment-id-431\" alt=\"sondex-lokeren-geotechnics-grondonderzoek-rups-200-kN--(2)\" data-ratio=\"1.78\" data-original-w=\"1920\" \/>            \n                <\/div>\n    <\/div>\n\n<\/section><!-- widget-container -->\t\t\t\t<\/div>\n\t\t\t\t<\/div>\n\t\t\t\t\t<\/div>\n\t\t<\/div>\n\t\t\t\t\t<\/div>\n\t\t<\/section>\n\t\t\t\t<section class=\"elementor-section elementor-top-section elementor-element elementor-element-7d09ecfa elementor-section-content-middle elementor-section-stretched elementor-reverse-tablet elementor-reverse-mobile elementor-section-boxed elementor-section-height-default elementor-section-height-default\" data-id=\"7d09ecfa\" data-element_type=\"section\" data-e-type=\"section\" data-settings=\"{&quot;stretch_section&quot;:&quot;section-stretched&quot;}\">\n\t\t\t\t\t\t<div class=\"elementor-container elementor-column-gap-wider\">\n\t\t\t\t\t<div class=\"aux-parallax-section elementor-column elementor-col-50 elementor-top-column elementor-element elementor-element-623ce47b\" data-id=\"623ce47b\" data-element_type=\"column\" data-e-type=\"column\" data-settings=\"{&quot;background_background&quot;:&quot;slideshow&quot;,&quot;background_slideshow_gallery&quot;:[],&quot;background_slideshow_loop&quot;:&quot;yes&quot;,&quot;background_slideshow_slide_duration&quot;:5000,&quot;background_slideshow_slide_transition&quot;:&quot;fade&quot;,&quot;background_slideshow_transition_duration&quot;:500}\">\n\t\t\t<div class=\"elementor-widget-wrap elementor-element-populated\">\n\t\t\t\t\t\t<div class=\"elementor-element elementor-element-53c4855 elementor-widget elementor-widget-image\" data-id=\"53c4855\" data-element_type=\"widget\" data-e-type=\"widget\" data-widget_type=\"image.default\">\n\t\t\t\t<div class=\"elementor-widget-container\">\n\t\t\t\t\t\t\t\t\t\t\t\t\t\t\t<img decoding=\"async\" width=\"768\" height=\"768\" src=\"https:\/\/sondex.be\/wp-content\/uploads\/2021\/12\/sondex-lokeren-geotechnics-grondonderzoek-muur-768x768.jpg\" class=\"attachment-medium_large size-medium_large wp-image-1140\" alt=\"\" srcset=\"https:\/\/sondex.be\/wp-content\/uploads\/2021\/12\/sondex-lokeren-geotechnics-grondonderzoek-muur-768x768.jpg 768w, https:\/\/sondex.be\/wp-content\/uploads\/2021\/12\/sondex-lokeren-geotechnics-grondonderzoek-muur-300x300.jpg 300w, https:\/\/sondex.be\/wp-content\/uploads\/2021\/12\/sondex-lokeren-geotechnics-grondonderzoek-muur-1024x1024.jpg 1024w, https:\/\/sondex.be\/wp-content\/uploads\/2021\/12\/sondex-lokeren-geotechnics-grondonderzoek-muur-150x150.jpg 150w, https:\/\/sondex.be\/wp-content\/uploads\/2021\/12\/sondex-lokeren-geotechnics-grondonderzoek-muur.jpg 1280w\" sizes=\"(max-width: 768px) 100vw, 768px\" \/>\t\t\t\t\t\t\t\t\t\t\t\t\t\t\t<\/div>\n\t\t\t\t<\/div>\n\t\t\t\t\t<\/div>\n\t\t<\/div>\n\t\t\t\t<div class=\"aux-parallax-section elementor-column elementor-col-50 elementor-top-column elementor-element elementor-element-7bff9d28\" data-id=\"7bff9d28\" data-element_type=\"column\" data-e-type=\"column\">\n\t\t\t<div class=\"elementor-widget-wrap elementor-element-populated\">\n\t\t\t\t\t\t<div class=\"elementor-element elementor-element-cc8687c aux-appear-watch-animation aux-fade-in-up elementor-widget elementor-widget-aux_modern_heading\" data-id=\"cc8687c\" data-element_type=\"widget\" data-e-type=\"widget\" data-widget_type=\"aux_modern_heading.default\">\n\t\t\t\t<div class=\"elementor-widget-container\">\n\t\t\t\t\t<section class=\"aux-widget-modern-heading\">\n            <div class=\"aux-widget-inner\"><h2 class=\"aux-modern-heading-primary\">Pourquoi sonder?<\/h2><div class=\"aux-modern-heading-divider\"><\/div><div class=\"aux-modern-heading-description\"><ul>\n<li>Dans le monde actuel de la construction, la m\u00e9canique du sol et plus particuli\u00e8rement les sondages sont indispensables \u00e0 la conception de fondations.<\/li>\n<li>En effet, les normes de construction sont de plus en plus s\u00e9v\u00e8res et la capacit\u00e9 portante des nouveaux terrains devient limit\u00e9e.<\/li>\n<li>Avec un essai de sol on peut obtenir des informations concernant la composition et la r\u00e9sistance du sol d\u2019une mani\u00e8re rapide et efficace.<\/li>\n<li>Gr\u00e2ce \u00e0 ces informations (param\u00e8tres g\u00e9otechniques) on peut d\u00e9terminer le type et la profondeur des fondations.<\/li>\n<li>Par cette analyse du sol on \u00e9vite des d\u00e9sagr\u00e9ments tels que des fa\u00e7ades fissur\u00e9es ou des fondations tass\u00e9es qui peuvent appara\u00eetre lors d\u2019une nouvelle construction.<\/li>\n<\/ul>\n<\/div><\/div>\n        <\/section>\t\t\t\t<\/div>\n\t\t\t\t<\/div>\n\t\t\t\t\t<\/div>\n\t\t<\/div>\n\t\t\t\t\t<\/div>\n\t\t<\/section>\n\t\t\t\t<\/div>\n\t\t","protected":false},"excerpt":{"rendered":"<p>Qu&rsquo;est-ce qu&rsquo;un sondage? Un tube ferm\u00e9 en bas par un c\u00f4ne, d\u2019un diam\u00e8tre de 10 cm\u00b2 et d\u2019un angle de sommet de 60\u00b0, est enfonc\u00e9 verticalement dans le sol \u00e0 une vitesse constante de 2 cm\/sec. La force n\u00e9cessaire (la r\u00e9sistance \u00e0 la pointe et le frottement) est enregistr\u00e9e et pr\u00e9sent\u00e9e sous forme graphique. Il [&hellip;]<\/p>\n","protected":false},"author":1,"featured_media":0,"parent":0,"menu_order":0,"comment_status":"closed","ping_status":"closed","template":"","meta":{"footnotes":""},"class_list":["post-1168","page","type-page","status-publish","hentry"],"_links":{"self":[{"href":"https:\/\/sondex.be\/fr\/wp-json\/wp\/v2\/pages\/1168","targetHints":{"allow":["GET"]}}],"collection":[{"href":"https:\/\/sondex.be\/fr\/wp-json\/wp\/v2\/pages"}],"about":[{"href":"https:\/\/sondex.be\/fr\/wp-json\/wp\/v2\/types\/page"}],"author":[{"embeddable":true,"href":"https:\/\/sondex.be\/fr\/wp-json\/wp\/v2\/users\/1"}],"replies":[{"embeddable":true,"href":"https:\/\/sondex.be\/fr\/wp-json\/wp\/v2\/comments?post=1168"}],"version-history":[{"count":3,"href":"https:\/\/sondex.be\/fr\/wp-json\/wp\/v2\/pages\/1168\/revisions"}],"predecessor-version":[{"id":1481,"href":"https:\/\/sondex.be\/fr\/wp-json\/wp\/v2\/pages\/1168\/revisions\/1481"}],"wp:attachment":[{"href":"https:\/\/sondex.be\/fr\/wp-json\/wp\/v2\/media?parent=1168"}],"curies":[{"name":"wp","href":"https:\/\/api.w.org\/{rel}","templated":true}]}}