{"id":1163,"date":"2021-12-28T07:54:44","date_gmt":"2021-12-28T07:54:44","guid":{"rendered":"https:\/\/sondex.be\/rapport\/"},"modified":"2021-12-28T07:57:36","modified_gmt":"2021-12-28T07:57:36","slug":"rapport","status":"publish","type":"page","link":"https:\/\/sondex.be\/fr\/rapport\/","title":{"rendered":"Rapport"},"content":{"rendered":"\t\t<div data-elementor-type=\"wp-page\" data-elementor-id=\"1163\" class=\"elementor elementor-1163 elementor-202\" data-elementor-post-type=\"page\">\n\t\t\t\t\t\t<section class=\"elementor-section elementor-top-section elementor-element elementor-element-bca5f3a elementor-section-full_width elementor-section-stretched elementor-section-height-default elementor-section-height-default\" data-id=\"bca5f3a\" data-element_type=\"section\" data-e-type=\"section\" data-settings=\"{&quot;stretch_section&quot;:&quot;section-stretched&quot;}\">\n\t\t\t\t\t\t<div class=\"elementor-container elementor-column-gap-no\">\n\t\t\t\t\t<div class=\"aux-parallax-section elementor-column elementor-col-100 elementor-top-column elementor-element elementor-element-cbf5eb8\" data-id=\"cbf5eb8\" data-element_type=\"column\" data-e-type=\"column\">\n\t\t\t<div class=\"elementor-widget-wrap elementor-element-populated\">\n\t\t\t\t\t\t<div class=\"elementor-element elementor-element-bccaa4a elementor-widget elementor-widget-aux_image\" data-id=\"bccaa4a\" data-element_type=\"widget\" data-e-type=\"widget\" data-widget_type=\"aux_image.default\">\n\t\t\t\t<div class=\"elementor-widget-container\">\n\t\t\t\t\t<section class=\"widget-container aux-widget-image aux-alignnone aux-parent-au8b08b5f4\">\n    <div class=\"aux-media-hint-frame \">\n        <div class=\"aux-media-image \" >\n        \n            \n\n            \n            <img fetchpriority=\"high\" decoding=\"async\" width=\"1920\" height=\"819\" src=\"https:\/\/sondex.be\/wp-content\/uploads\/2021\/12\/sondex-lokeren-geotechnics-grondonderzoek-conus-digital-CPT-data-system.jpg\" class=\"aux-attachment aux-featured-image aux-attachment-id-425\" alt=\"sondex-lokeren-geotechnics-grondonderzoek-conus-digital-CPT-data-system\" data-ratio=\"2.34\" data-original-w=\"1920\" \/>            \n                <\/div>\n    <\/div>\n\n<\/section><!-- widget-container -->\t\t\t\t<\/div>\n\t\t\t\t<\/div>\n\t\t\t\t\t<\/div>\n\t\t<\/div>\n\t\t\t\t\t<\/div>\n\t\t<\/section>\n\t\t\t\t<section class=\"elementor-section elementor-top-section elementor-element elementor-element-57d1e19 elementor-section-content-middle elementor-section-full_width elementor-section-stretched elementor-section-height-default elementor-section-height-default\" data-id=\"57d1e19\" data-element_type=\"section\" data-e-type=\"section\" data-settings=\"{&quot;stretch_section&quot;:&quot;section-stretched&quot;}\">\n\t\t\t\t\t\t<div class=\"elementor-container elementor-column-gap-extended\">\n\t\t\t\t\t<div class=\"aux-parallax-section elementor-column elementor-col-50 elementor-top-column elementor-element elementor-element-1b99dcd2\" data-id=\"1b99dcd2\" data-element_type=\"column\" data-e-type=\"column\">\n\t\t\t<div class=\"elementor-widget-wrap elementor-element-populated\">\n\t\t\t\t\t\t<div class=\"elementor-element elementor-element-479213a7 aux-appear-watch-animation aux-fade-in-up elementor-widget elementor-widget-aux_modern_heading\" data-id=\"479213a7\" data-element_type=\"widget\" data-e-type=\"widget\" data-widget_type=\"aux_modern_heading.default\">\n\t\t\t\t<div class=\"elementor-widget-container\">\n\t\t\t\t\t<section class=\"aux-widget-modern-heading\">\n            <div class=\"aux-widget-inner\"><h2 class=\"aux-modern-heading-primary\"><\/h2><h3 class=\"aux-modern-heading-secondary\"><span class=\"aux-head-before\">Rapport<\/span><\/h3><div class=\"aux-modern-heading-divider\"><\/div><div class=\"aux-modern-heading-description\"><div class=\"elementor-element elementor-element-5a179184 elementor-widget elementor-widget-text-editor\" data-id=\"5a179184\" data-element_type=\"widget\" data-widget_type=\"text-editor.default\">\n<div class=\"elementor-widget-container\">\n<div class=\"elementor-text-editor elementor-clearfix\">\n<p>Quelques jours apr\u00e8s la r\u00e9alisation des essais vous recevrez un rapport complet avec :<\/p>\n<\/div>\n<\/div>\n<\/div>\n<div class=\"elementor-element elementor-element-2e01f6b elementor-widget elementor-widget-text-editor\" data-id=\"2e01f6b\" data-element_type=\"widget\" data-widget_type=\"text-editor.default\">\n<div class=\"elementor-widget-container\">\n<div class=\"elementor-text-editor elementor-clearfix\">\n<ul>\n<li>une description des essais<\/li>\n<li>l\u2019implantation des essais \u00e0 un point de r\u00e9f\u00e9rence<\/li>\n<li>le mesurage du niveau d'eau dans les trous de sondage<\/li>\n<li>une description des couches g\u00e9ologiques probables<\/li>\n<li>un conseil de fondation<\/li>\n<li>des graphiques et des tableaux avec les donn\u00e9es g\u00e9otechniques<\/li>\n<li>des conseils en mati\u00e8re de fondations et les calculs des tassements pour des semelles filantes, isol\u00e9es ou pour un radier g\u00e9n\u00e9ral<\/li>\n<\/ul>\n<\/div>\n<\/div>\n<\/div>\n<div class=\"elementor-element elementor-element-f6b80cb elementor-widget elementor-widget-text-editor\" data-id=\"f6b80cb\" data-element_type=\"widget\" data-widget_type=\"text-editor.default\">\n<div class=\"elementor-widget-container\">\n<div class=\"elementor-text-editor elementor-clearfix\">\n<p>Vous recevrez le rapport par courrier et courrier \u00e9lectronique.<\/p>\n<\/div>\n<\/div>\n<\/div>\n<\/div><\/div>\n        <\/section>\t\t\t\t<\/div>\n\t\t\t\t<\/div>\n\t\t\t\t<div class=\"elementor-element elementor-element-67022e9 aux-appear-watch-animation aux-fade-in-left-2 elementor-widget elementor-widget-aux_button\" data-id=\"67022e9\" data-element_type=\"widget\" data-e-type=\"widget\" data-widget_type=\"aux_button.default\">\n\t\t\t\t<div class=\"elementor-widget-container\">\n\t\t\t\t\t<a  href=\"https:\/\/sondex.be\/contactformulier\/\" target=\"_self\"   class=\"aux-button aux-medium aux-mikado-yellow aux-round aux-none aux-uppercase\" ><span class=\"aux-overlay\"><\/span><span class=\"aux-text\">Formulaire de contact<\/span><\/a>\t\t\t\t<\/div>\n\t\t\t\t<\/div>\n\t\t\t\t\t<\/div>\n\t\t<\/div>\n\t\t\t\t<div class=\"aux-parallax-section elementor-column elementor-col-50 elementor-top-column elementor-element elementor-element-7a34a6a6 aux-appear-watch-animation aux-fade-in-right-1\" data-id=\"7a34a6a6\" data-element_type=\"column\" data-e-type=\"column\">\n\t\t\t<div class=\"elementor-widget-wrap elementor-element-populated\">\n\t\t\t\t\t\t<div class=\"elementor-element elementor-element-6cbb1743 elementor-widget elementor-widget-aux_image\" data-id=\"6cbb1743\" data-element_type=\"widget\" data-e-type=\"widget\" data-widget_type=\"aux_image.default\">\n\t\t\t\t<div class=\"elementor-widget-container\">\n\t\t\t\t\t<section class=\"widget-container aux-widget-image aux-alignnone aux-parent-au73940187\">\n    <div class=\"aux-media-hint-frame \">\n        <div class=\"aux-media-image \" >\n        \n            \n\n            \n            <img decoding=\"async\" width=\"1782\" height=\"2526\" src=\"data:image\/gif;base64,R0lGODlhAQABAIAAAAAAAP\/\/\/yH5BAEAAAAALAAAAAABAAEAAAIBRAA7\" class=\"aux-attachment aux-featured-image aux-attachment-id-516 aux-preload aux-blank\" alt=\"sondex-lokeren-geotechnics-grondonderzoek-sondex_grafiek\" data-ratio=\"0.71\" data-original-w=\"1782\" data-src=\"https:\/\/sondex.be\/wp-content\/uploads\/2021\/12\/sondex-lokeren-geotechnics-grondonderzoek-sondex_grafiek.png\" \/>            \n                <\/div>\n    <\/div>\n\n<\/section><!-- widget-container -->\t\t\t\t<\/div>\n\t\t\t\t<\/div>\n\t\t\t\t\t<\/div>\n\t\t<\/div>\n\t\t\t\t\t<\/div>\n\t\t<\/section>\n\t\t\t\t<section class=\"elementor-section elementor-top-section elementor-element elementor-element-0e8ea2b elementor-section-boxed elementor-section-height-default elementor-section-height-default\" data-id=\"0e8ea2b\" data-element_type=\"section\" data-e-type=\"section\">\n\t\t\t\t\t\t<div class=\"elementor-container elementor-column-gap-default\">\n\t\t\t\t\t<div class=\"aux-parallax-section elementor-column elementor-col-100 elementor-top-column elementor-element elementor-element-badc666\" data-id=\"badc666\" data-element_type=\"column\" data-e-type=\"column\">\n\t\t\t<div class=\"elementor-widget-wrap elementor-element-populated\">\n\t\t\t\t\t\t<div class=\"elementor-element elementor-element-255a524 elementor-widget elementor-widget-aux_blockquote\" data-id=\"255a524\" data-element_type=\"widget\" data-e-type=\"widget\" data-widget_type=\"aux_blockquote.default\">\n\t\t\t\t<div class=\"elementor-widget-container\">\n\t\t\t\t\t<section class=\"widget-container aux-widget-quote aux-parent-au3a5a0d9e\"><blockquote class=\"aux-elem-quote aux-blockquote-normal aux-text-align-inherit aux-quote-symbol\"><p>Sondex SA assume la responsabilit\u00e9 enti\u00e8re de ses conseils et se met \u00e0 votre disposition pour d'\u00e9ventuelles questions ou informations suppl\u00e9mentaires.<\/p><\/blockquote><\/section><!-- widget-container -->\t\t\t\t<\/div>\n\t\t\t\t<\/div>\n\t\t\t\t\t<\/div>\n\t\t<\/div>\n\t\t\t\t\t<\/div>\n\t\t<\/section>\n\t\t\t\t<\/div>\n\t\t","protected":false},"excerpt":{"rendered":"<p>Rapport Quelques jours apr\u00e8s la r\u00e9alisation des essais vous recevrez un rapport complet avec : une description des essais l\u2019implantation des essais \u00e0 un point de r\u00e9f\u00e9rence le mesurage du niveau d&rsquo;eau dans les trous de sondage une description des couches g\u00e9ologiques probables un conseil de fondation des graphiques et des tableaux avec les donn\u00e9es [&hellip;]<\/p>\n","protected":false},"author":1,"featured_media":0,"parent":0,"menu_order":0,"comment_status":"closed","ping_status":"closed","template":"","meta":{"footnotes":""},"class_list":["post-1163","page","type-page","status-publish","hentry"],"_links":{"self":[{"href":"https:\/\/sondex.be\/fr\/wp-json\/wp\/v2\/pages\/1163","targetHints":{"allow":["GET"]}}],"collection":[{"href":"https:\/\/sondex.be\/fr\/wp-json\/wp\/v2\/pages"}],"about":[{"href":"https:\/\/sondex.be\/fr\/wp-json\/wp\/v2\/types\/page"}],"author":[{"embeddable":true,"href":"https:\/\/sondex.be\/fr\/wp-json\/wp\/v2\/users\/1"}],"replies":[{"embeddable":true,"href":"https:\/\/sondex.be\/fr\/wp-json\/wp\/v2\/comments?post=1163"}],"version-history":[{"count":4,"href":"https:\/\/sondex.be\/fr\/wp-json\/wp\/v2\/pages\/1163\/revisions"}],"predecessor-version":[{"id":1167,"href":"https:\/\/sondex.be\/fr\/wp-json\/wp\/v2\/pages\/1163\/revisions\/1167"}],"wp:attachment":[{"href":"https:\/\/sondex.be\/fr\/wp-json\/wp\/v2\/media?parent=1163"}],"curies":[{"name":"wp","href":"https:\/\/api.w.org\/{rel}","templated":true}]}}